{"id":48,"date":"2012-10-12T16:33:00","date_gmt":"2012-10-12T14:33:00","guid":{"rendered":"http:\/\/hazelgrove.se\/wp\/?page_id=48"},"modified":"2023-08-02T16:27:44","modified_gmt":"2023-08-02T14:27:44","slug":"ace","status":"publish","type":"page","link":"https:\/\/hazelgrove.se\/?page_id=48","title":{"rendered":"Ace"},"content":{"rendered":"<p><a href=\"http:\/\/hazelgrove.se\/wp\/wp-content\/uploads\/2012\/10\/ace_ny.jpg\"><img loading=\"lazy\" decoding=\"async\" class=\"align  wp-image-49\" title=\"ace_ny\" src=\"http:\/\/hazelgrove.se\/wp\/wp-content\/uploads\/2012\/10\/ace_ny.jpg\" alt=\"\" width=\"451\" height=\"370\"><\/a><\/p>\n<h2>Ace (Steadwyn Magical Presence)<\/h2>\n<h2><strong>S52951\/2000 sv-06<br \/>\nF\u00f6dd: 9 September 2000<br \/>\nAvliden: 7 mars 2012<\/strong><\/h2>\n<p>HD-clear (A\/A), CEA-clear,3 x CC, 2 x CACIB, 1 x r-CACIB,1 x BIM CRUFTS QUALIFIED 2007\/ 2008<\/p>\n<p>Ace jobbade 5 \u00e5r p\u00e5 R\u00e5sunda fotbollsstadium som pyroteknisk s\u00f6khund. Blev Svensk utst\u00e4llningsvinnare 2006<\/p>\n<p style=\"font-family: Georgia,Times New Roman,Times,serif; font-size: 12px; font-style: normal; color: #000000;\">&nbsp;<span style=\"font-size: medium;\"><strong>Stamtavla&nbsp;<\/strong><\/span><\/p>\n<table class=\"test\" style=\"height: 419px; width: 644px; border-color: #000000;\" border=\"1\" cellspacing=\"4\" cellpadding=\"4\">\n<tbody>\n<tr>\n<td style=\"background-color: #ccff66; border: 1px solid #000000;\" rowspan=\"4\"><span style=\"color: #000000; font-size: small;\">S19875\/97 BLM<\/span><br \/>\n<span style=\"color: #000000; font-size: small;\"> Int &amp; Nord &amp; Dk &amp; N &amp; Is Ch<\/span><br \/>\n<span style=\"color: #000000; font-size: small;\"> Steadwyn Sacred Blues<\/span><\/td>\n<td style=\"background-color: #ccff66; border: 1px solid #000000;\" rowspan=\"2\"><span style=\"color: #000000; font-size: small;\">S26792\/95 BLM<\/span><br \/>\n<span style=\"color: #000000; font-size: small;\"> Sv-97<\/span><br \/>\n<span style=\"color: #000000; font-size: small;\"> Moonmade Rock And Blue Blues<\/span><\/td>\n<td style=\"background-color: #ccff66; border: 1px solid #000000;\"><span style=\"color: #000000; font-size: small;\">S37739\/93 TRF<\/span><br \/>\n<span style=\"color: #000000; font-size: small;\"> Moonmade Thurdercloud<\/span><\/td>\n<\/tr>\n<tr>\n<td style=\"background-color: #ccff66; border: 1px solid #000000;\"><span style=\"color: #000000; font-size: small;\">S37725\/93 BLM<\/span><br \/>\n<span style=\"color: #000000; font-size: small;\"> Moonmade Crazy Lazy Babe<\/span><\/td>\n<\/tr>\n<tr>\n<td style=\"background-color: #ccff66; border: 1px solid #000000;\" rowspan=\"2\"><span style=\"color: #000000; font-size: small;\">S45554\/93 BLM<\/span><br \/>\n<span style=\"color: #000000; font-size: small;\"> Steadwyn Snow Feelings<\/span><\/td>\n<td style=\"background-color: #ccff66; border: 1px solid #000000;\"><span style=\"color: #000000; font-size: small;\">S38647\/86<\/span><br \/>\n<span style=\"color: #000000; font-size: small;\"> Steadlyn Record Breaker<\/span><\/td>\n<\/tr>\n<tr>\n<td style=\"background-color: #ccff66; border: 1px solid #000000;\"><span style=\"color: #000000; font-size: small;\">S31023\/88 BLM<\/span><br \/>\n<span style=\"color: #000000; font-size: small;\"> Steadlyn Snow Flurry<\/span><\/td>\n<\/tr>\n<tr>\n<td style=\"background-color: #ccff66; border: 1px solid #000000;\" rowspan=\"4\"><span style=\"color: #000000; font-size: small;\">S51049\/96 TRF<\/span><br \/>\n<span style=\"color: #000000; font-size: small;\"> Int &amp; N Ch SW-04<\/span><br \/>\n<span style=\"color: #000000; font-size: small;\"> Steadwyn Mystic Magic<\/span><\/td>\n<td style=\"background-color: #ccff66; border: 1px solid #000000;\" rowspan=\"2\"><span style=\"color: #000000; font-size: small;\">SF40885\/90 TRF<\/span><br \/>\n<span style=\"color: #000000; font-size: small;\"> Int &amp; Fin &amp; N &amp; S Ch<\/span><br \/>\n<span style=\"color: #000000; font-size: small;\"> Golden Mist Black Lombardi<\/span><\/td>\n<td style=\"background-color: #ccff66; border: 1px solid #000000;\"><span style=\"color: #000000; font-size: small;\">SF140027\/85 BLM Int &amp; Fin Est Ch FinW-87-88-89 Niittykasteen Sensaatio<\/span><\/td>\n<\/tr>\n<tr>\n<td style=\"background-color: #ccff66; border: 1px solid #000000;\"><span style=\"color: #000000; font-size: small;\">S54386\/87 BLM<\/span><br \/>\n<span style=\"color: #000000; font-size: small;\"> Steadlyn Silver Brocade<\/span><\/td>\n<\/tr>\n<tr>\n<td style=\"background-color: #ccff66; border: 1px solid #000000;\" rowspan=\"2\"><span style=\"color: #000000; font-size: small;\">S29225\/92<\/span><br \/>\n<span style=\"color: #000000; font-size: small;\"> NordW-95<\/span><br \/>\n<span style=\"color: #000000; font-size: small;\"> Rainbow-Brite<\/span><\/td>\n<td style=\"background-color: #ccff66; border: 1px solid #000000;\"><span style=\"color: #000000; font-size: small;\">S55306\/89 TRF Int Ch<\/span><br \/>\n<span style=\"color: #000000; font-size: small;\"> Steadlyn Touch Luck<\/span><\/td>\n<\/tr>\n<tr>\n<td style=\"background-color: #ccff66; border: 1px solid #000000;\"><span style=\"color: #000000; font-size: small;\">S55319\/89<\/span><br \/>\n<span style=\"color: #000000; font-size: small;\"> Steadlyn Fairy Colours<\/span><\/td>\n<\/tr>\n<\/tbody>\n<\/table>\n<p>N\u00e5gra bilder p\u00e5 Ace historia.<\/p>\n<!-- default-view.php -->\n<div\n\tclass=\"ngg-galleryoverview default-view \n\t ngg-ajax-pagination-none\t\"\n\tid=\"ngg-gallery-b40c26850488b81a702aba7ee09cd55b-1\">\n\n\t\t<!-- Thumbnails -->\n\t\t\t\t<div id=\"ngg-image-0\" class=\"ngg-gallery-thumbnail-box \n\t\t\t\t\t\t\t\t\t\t\t\" \n\t\t\t>\n\t\t\t\t\t\t<div class=\"ngg-gallery-thumbnail\">\n\t\t\t<a href=\"https:\/\/hazelgrove.se\/wp-content\/gallery\/test-1\/20081207018.jpg\"\n\t\t\t\ttitle=\"\"\n\t\t\t\tdata-src=\"https:\/\/hazelgrove.se\/wp-content\/gallery\/test-1\/20081207018.jpg\"\n\t\t\t\tdata-thumbnail=\"https:\/\/hazelgrove.se\/wp-content\/gallery\/test-1\/thumbs\/thumbs_20081207018.jpg\"\n\t\t\t\tdata-image-id=\"16\"\n\t\t\t\tdata-title=\"BIR veteranhane i Stora STockholm 2008\"\n\t\t\t\tdata-description=\"\"\n\t\t\t\tdata-image-slug=\"bir-veteranhane-i-stora-stockholm-2008\"\n\t\t\t\tclass=\"ngg-simplelightbox\" rel=\"b40c26850488b81a702aba7ee09cd55b\">\n\t\t\t\t<img\n\t\t\t\t\ttitle=\"BIR veteranhane i Stora STockholm 2008\"\n\t\t\t\t\talt=\"BIR veteranhane i Stora STockholm 2008\"\n\t\t\t\t\tsrc=\"https:\/\/hazelgrove.se\/wp-content\/gallery\/test-1\/thumbs\/thumbs_20081207018.jpg\"\n\t\t\t\t\twidth=\"150\"\n\t\t\t\t\theight=\"150\"\n\t\t\t\t\tstyle=\"max-width:100%;\"\n\t\t\t\t\/>\n\t\t\t<\/a>\n\t\t<\/div>\n\t\t\t\t\t\t\t<\/div> \n\t\t\t\n\t\t\t\t<div id=\"ngg-image-1\" class=\"ngg-gallery-thumbnail-box \n\t\t\t\t\t\t\t\t\t\t\t\" \n\t\t\t>\n\t\t\t\t\t\t<div class=\"ngg-gallery-thumbnail\">\n\t\t\t<a href=\"https:\/\/hazelgrove.se\/wp-content\/gallery\/test-1\/april-2008-016.jpg\"\n\t\t\t\ttitle=\" \"\n\t\t\t\tdata-src=\"https:\/\/hazelgrove.se\/wp-content\/gallery\/test-1\/april-2008-016.jpg\"\n\t\t\t\tdata-thumbnail=\"https:\/\/hazelgrove.se\/wp-content\/gallery\/test-1\/thumbs\/thumbs_april-2008-016.jpg\"\n\t\t\t\tdata-image-id=\"22\"\n\t\t\t\tdata-title=\"Ace p\u00e5 R\u00e5sunda \"\n\t\t\t\tdata-description=\" \"\n\t\t\t\tdata-image-slug=\"ace-pa-rasunda-2\"\n\t\t\t\tclass=\"ngg-simplelightbox\" rel=\"b40c26850488b81a702aba7ee09cd55b\">\n\t\t\t\t<img\n\t\t\t\t\ttitle=\"Ace p\u00e5 R\u00e5sunda \"\n\t\t\t\t\talt=\"Ace p\u00e5 R\u00e5sunda \"\n\t\t\t\t\tsrc=\"https:\/\/hazelgrove.se\/wp-content\/gallery\/test-1\/thumbs\/thumbs_april-2008-016.jpg\"\n\t\t\t\t\twidth=\"150\"\n\t\t\t\t\theight=\"150\"\n\t\t\t\t\tstyle=\"max-width:100%;\"\n\t\t\t\t\/>\n\t\t\t<\/a>\n\t\t<\/div>\n\t\t\t\t\t\t\t<\/div> \n\t\t\t\n\t\t\t\t<div id=\"ngg-image-2\" class=\"ngg-gallery-thumbnail-box \n\t\t\t\t\t\t\t\t\t\t\t\" \n\t\t\t>\n\t\t\t\t\t\t<div class=\"ngg-gallery-thumbnail\">\n\t\t\t<a href=\"https:\/\/hazelgrove.se\/wp-content\/gallery\/test-1\/3.jpg\"\n\t\t\t\ttitle=\" \"\n\t\t\t\tdata-src=\"https:\/\/hazelgrove.se\/wp-content\/gallery\/test-1\/3.jpg\"\n\t\t\t\tdata-thumbnail=\"https:\/\/hazelgrove.se\/wp-content\/gallery\/test-1\/thumbs\/thumbs_3.jpg\"\n\t\t\t\tdata-image-id=\"25\"\n\t\t\t\tdata-title=\"Ace p\u00e5 R\u00e5sunda\"\n\t\t\t\tdata-description=\" \"\n\t\t\t\tdata-image-slug=\"ace-pa-rasunda\"\n\t\t\t\tclass=\"ngg-simplelightbox\" rel=\"b40c26850488b81a702aba7ee09cd55b\">\n\t\t\t\t<img\n\t\t\t\t\ttitle=\"Ace p\u00e5 R\u00e5sunda\"\n\t\t\t\t\talt=\"Ace p\u00e5 R\u00e5sunda\"\n\t\t\t\t\tsrc=\"https:\/\/hazelgrove.se\/wp-content\/gallery\/test-1\/thumbs\/thumbs_3.jpg\"\n\t\t\t\t\twidth=\"150\"\n\t\t\t\t\theight=\"150\"\n\t\t\t\t\tstyle=\"max-width:100%;\"\n\t\t\t\t\/>\n\t\t\t<\/a>\n\t\t<\/div>\n\t\t\t\t\t\t\t<\/div> \n\t\t\t\n\t\t\t\t<div id=\"ngg-image-3\" class=\"ngg-gallery-thumbnail-box \n\t\t\t\t\t\t\t\t\t\t\t\" \n\t\t\t>\n\t\t\t\t\t\t<div class=\"ngg-gallery-thumbnail\">\n\t\t\t<a href=\"https:\/\/hazelgrove.se\/wp-content\/gallery\/test-1\/4.jpg\"\n\t\t\t\ttitle=\"\"\n\t\t\t\tdata-src=\"https:\/\/hazelgrove.se\/wp-content\/gallery\/test-1\/4.jpg\"\n\t\t\t\tdata-thumbnail=\"https:\/\/hazelgrove.se\/wp-content\/gallery\/test-1\/thumbs\/thumbs_4.jpg\"\n\t\t\t\tdata-image-id=\"26\"\n\t\t\t\tdata-title=\"BIR veteranhane  2009\"\n\t\t\t\tdata-description=\"\"\n\t\t\t\tdata-image-slug=\"bir-veteranhane-2009\"\n\t\t\t\tclass=\"ngg-simplelightbox\" rel=\"b40c26850488b81a702aba7ee09cd55b\">\n\t\t\t\t<img\n\t\t\t\t\ttitle=\"BIR veteranhane  2009\"\n\t\t\t\t\talt=\"BIR veteranhane  2009\"\n\t\t\t\t\tsrc=\"https:\/\/hazelgrove.se\/wp-content\/gallery\/test-1\/thumbs\/thumbs_4.jpg\"\n\t\t\t\t\twidth=\"150\"\n\t\t\t\t\theight=\"150\"\n\t\t\t\t\tstyle=\"max-width:100%;\"\n\t\t\t\t\/>\n\t\t\t<\/a>\n\t\t<\/div>\n\t\t\t\t\t\t\t<\/div> \n\t\t\t\n\t\t\t\t<div id=\"ngg-image-4\" class=\"ngg-gallery-thumbnail-box \n\t\t\t\t\t\t\t\t\t\t\t\" \n\t\t\t>\n\t\t\t\t\t\t<div class=\"ngg-gallery-thumbnail\">\n\t\t\t<a href=\"https:\/\/hazelgrove.se\/wp-content\/gallery\/test-1\/5.jpg\"\n\t\t\t\ttitle=\" \"\n\t\t\t\tdata-src=\"https:\/\/hazelgrove.se\/wp-content\/gallery\/test-1\/5.jpg\"\n\t\t\t\tdata-thumbnail=\"https:\/\/hazelgrove.se\/wp-content\/gallery\/test-1\/thumbs\/thumbs_5.jpg\"\n\t\t\t\tdata-image-id=\"27\"\n\t\t\t\tdata-title=\"H\u00e4r s\u00f6ker Ace, en Bengal ringer i r\u00f6da ringen.\"\n\t\t\t\tdata-description=\" \"\n\t\t\t\tdata-image-slug=\"har-soker-ace-en-bengal-ringer-i-roda-ringen\"\n\t\t\t\tclass=\"ngg-simplelightbox\" rel=\"b40c26850488b81a702aba7ee09cd55b\">\n\t\t\t\t<img\n\t\t\t\t\ttitle=\"H\u00e4r s\u00f6ker Ace, en Bengal ringer i r\u00f6da ringen.\"\n\t\t\t\t\talt=\"H\u00e4r s\u00f6ker Ace, en Bengal ringer i r\u00f6da ringen.\"\n\t\t\t\t\tsrc=\"https:\/\/hazelgrove.se\/wp-content\/gallery\/test-1\/thumbs\/thumbs_5.jpg\"\n\t\t\t\t\twidth=\"150\"\n\t\t\t\t\theight=\"150\"\n\t\t\t\t\tstyle=\"max-width:100%;\"\n\t\t\t\t\/>\n\t\t\t<\/a>\n\t\t<\/div>\n\t\t\t\t\t\t\t<\/div> \n\t\t\t\n\t\t\t\t<div id=\"ngg-image-5\" class=\"ngg-gallery-thumbnail-box \n\t\t\t\t\t\t\t\t\t\t\t\" \n\t\t\t>\n\t\t\t\t\t\t<div class=\"ngg-gallery-thumbnail\">\n\t\t\t<a href=\"https:\/\/hazelgrove.se\/wp-content\/gallery\/test-1\/6.jpg\"\n\t\t\t\ttitle=\" \"\n\t\t\t\tdata-src=\"https:\/\/hazelgrove.se\/wp-content\/gallery\/test-1\/6.jpg\"\n\t\t\t\tdata-thumbnail=\"https:\/\/hazelgrove.se\/wp-content\/gallery\/test-1\/thumbs\/thumbs_6.jpg\"\n\t\t\t\tdata-image-id=\"28\"\n\t\t\t\tdata-title=\"Ace har hittat en Bengal och markerar\"\n\t\t\t\tdata-description=\" \"\n\t\t\t\tdata-image-slug=\"ace-har-hittat-en-bengal-och-markerar\"\n\t\t\t\tclass=\"ngg-simplelightbox\" rel=\"b40c26850488b81a702aba7ee09cd55b\">\n\t\t\t\t<img\n\t\t\t\t\ttitle=\"Ace har hittat en Bengal och markerar\"\n\t\t\t\t\talt=\"Ace har hittat en Bengal och markerar\"\n\t\t\t\t\tsrc=\"https:\/\/hazelgrove.se\/wp-content\/gallery\/test-1\/thumbs\/thumbs_6.jpg\"\n\t\t\t\t\twidth=\"150\"\n\t\t\t\t\theight=\"150\"\n\t\t\t\t\tstyle=\"max-width:100%;\"\n\t\t\t\t\/>\n\t\t\t<\/a>\n\t\t<\/div>\n\t\t\t\t\t\t\t<\/div> \n\t\t\t\n\t\t\t\t<div id=\"ngg-image-6\" class=\"ngg-gallery-thumbnail-box \n\t\t\t\t\t\t\t\t\t\t\t\" \n\t\t\t>\n\t\t\t\t\t\t<div class=\"ngg-gallery-thumbnail\">\n\t\t\t<a href=\"https:\/\/hazelgrove.se\/wp-content\/gallery\/test-1\/ace3.jpg\"\n\t\t\t\ttitle=\" \"\n\t\t\t\tdata-src=\"https:\/\/hazelgrove.se\/wp-content\/gallery\/test-1\/ace3.jpg\"\n\t\t\t\tdata-thumbnail=\"https:\/\/hazelgrove.se\/wp-content\/gallery\/test-1\/thumbs\/thumbs_ace3.jpg\"\n\t\t\t\tdata-image-id=\"29\"\n\t\t\t\tdata-title=\"Ace\"\n\t\t\t\tdata-description=\" \"\n\t\t\t\tdata-image-slug=\"ace\"\n\t\t\t\tclass=\"ngg-simplelightbox\" rel=\"b40c26850488b81a702aba7ee09cd55b\">\n\t\t\t\t<img\n\t\t\t\t\ttitle=\"Ace\"\n\t\t\t\t\talt=\"Ace\"\n\t\t\t\t\tsrc=\"https:\/\/hazelgrove.se\/wp-content\/gallery\/test-1\/thumbs\/thumbs_ace3.jpg\"\n\t\t\t\t\twidth=\"150\"\n\t\t\t\t\theight=\"150\"\n\t\t\t\t\tstyle=\"max-width:100%;\"\n\t\t\t\t\/>\n\t\t\t<\/a>\n\t\t<\/div>\n\t\t\t\t\t\t\t<\/div> \n\t\t\t\n\t\n\t<br style=\"clear: both\" \/>\n\n\t\t<div class=\"slideshowlink\">\n\t\t<a href='https:\/\/hazelgrove.se\/index.php\/nggallery\/slideshow?page_id=48'>[Show as slideshow]<\/a>\n\t\t\n\t<\/div>\n\t\n\t\t<!-- Pagination -->\n\t\t<div class='ngg-clear'><\/div>\t<\/div>\n\n<p>&nbsp;<\/p>\n<p>&nbsp;<\/p>\n","protected":false},"excerpt":{"rendered":"<p>Ace (Steadwyn Magical Presence) S52951\/2000 sv-06 F\u00f6dd: 9 September 2000 Avliden: 7 mars 2012 HD-clear (A\/A), CEA-clear,3 x CC, 2 x CACIB, 1 x r-CACIB,1 x BIM CRUFTS QUALIFIED 2007\/ 2008 Ace jobbade 5 \u00e5r p\u00e5 R\u00e5sunda fotbollsstadium som pyroteknisk &hellip; <a href=\"https:\/\/hazelgrove.se\/?page_id=48\">Forts\u00e4tt l\u00e4sa <span class=\"meta-nav\">&rarr;<\/span><\/a><\/p>\n","protected":false},"author":1,"featured_media":0,"parent":62,"menu_order":0,"comment_status":"closed","ping_status":"open","template":"onecolumn-page.php","meta":{"ngg_post_thumbnail":0,"footnotes":""},"class_list":["post-48","page","type-page","status-publish","hentry"],"_links":{"self":[{"href":"https:\/\/hazelgrove.se\/index.php?rest_route=\/wp\/v2\/pages\/48","targetHints":{"allow":["GET"]}}],"collection":[{"href":"https:\/\/hazelgrove.se\/index.php?rest_route=\/wp\/v2\/pages"}],"about":[{"href":"https:\/\/hazelgrove.se\/index.php?rest_route=\/wp\/v2\/types\/page"}],"author":[{"embeddable":true,"href":"https:\/\/hazelgrove.se\/index.php?rest_route=\/wp\/v2\/users\/1"}],"replies":[{"embeddable":true,"href":"https:\/\/hazelgrove.se\/index.php?rest_route=%2Fwp%2Fv2%2Fcomments&post=48"}],"version-history":[{"count":28,"href":"https:\/\/hazelgrove.se\/index.php?rest_route=\/wp\/v2\/pages\/48\/revisions"}],"predecessor-version":[{"id":833,"href":"https:\/\/hazelgrove.se\/index.php?rest_route=\/wp\/v2\/pages\/48\/revisions\/833"}],"up":[{"embeddable":true,"href":"https:\/\/hazelgrove.se\/index.php?rest_route=\/wp\/v2\/pages\/62"}],"wp:attachment":[{"href":"https:\/\/hazelgrove.se\/index.php?rest_route=%2Fwp%2Fv2%2Fmedia&parent=48"}],"curies":[{"name":"wp","href":"https:\/\/api.w.org\/{rel}","templated":true}]}}