{"id":333,"date":"2013-03-23T17:37:21","date_gmt":"2013-03-23T16:37:21","guid":{"rendered":"http:\/\/hazelgrove.se\/?page_id=333"},"modified":"2021-02-23T15:41:30","modified_gmt":"2021-02-23T14:41:30","slug":"om-oss","status":"publish","type":"page","link":"https:\/\/hazelgrove.se\/?page_id=333","title":{"rendered":"Om oss"},"content":{"rendered":"<p><span style=\"color: #000000;\">Kennel Hazelgrove \u00e4r en familjekennel i liten skala sen 2005. H\u00e4r bor jag och min dotter Amy, fem hundar och tre katter. V\u00e5ra djur \u00e4r sj\u00e4lvklart med i huset var de vill, de ing\u00e5r i samma flock som vi. <\/span><span style=\"color: #000000;\"> V\u00e5ra valpar v\u00e4xer upp tillsammans med hela flocken vilket fr\u00e4mjar f\u00f6r ett socialt beteende och de l\u00e4r sig att l\u00e4sa sina vuxna v\u00e4nner.<\/span><\/p>\n<p><span style=\"color: #000000;\">F\u00f6rutom att jag driver min kennel \u00e4r jag ocks\u00e5 aktiv i hunddressyr av olika slag. Jag \u00e4r utbildad SBK instrukt\u00f6r och h\u00e5ller kurser f\u00f6r nyblivna hund\u00e4gare p\u00e5 V\u00e4llingby Brukshundklubb.\u00a0 <\/span><span style=\"color: #000000;\">Har \u00e4ven jobbat med r\u00e4ddningshundar och bevakningshundar. V\u00e5r hane Ace som numera \u00e4r d\u00f6d, men var den f\u00f6rsta s\u00f6khunden som letade efter bengaliska eldar p\u00e5 R\u00e5sunda fotbollstadium. Han och jag jobbade med det i 5 \u00e5r.<\/span><\/p>\n<p><span style=\"color: #000000;\">Collie \u00e4r riktig bra allrundhund som kan tr\u00e4nas till mycket. De \u00e4r lyh\u00f6rda och har en bra arbetsmotor. Passar mycket bra som en familjehund. F\u00e5r de inte g\u00f6ra s\u00e5 mycket kan de ta till sig vaktjobbet och kan bli lite sk\u00e4lliga. <\/span><span style=\"color: #000000;\"> Vill man st\u00e4lla ut sin hund p\u00e5 utst\u00e4llningar \u00e4r Collie en perfekt hund f\u00f6r det. En v\u00e4l iordninggjord Collie \u00e4r nog en av de vackraste raserarna p\u00e5 utst\u00e4llningarna kan jag lova.<\/span><span style=\"color: #000000;\">\u00a0 <\/span><\/p>\n<p><span style=\"color: #000000;\">Kontakta g\u00e4rna oss med fr\u00e5gor om rasen. Vill ni komma och h\u00e4lsa p\u00e5 v\u00e5ra hundar \u00e4r ni varmt v\u00e4lkomna. <\/span><\/p>\n<p><span style=\"color: #000000;\">Lars Skoog<\/span><\/p>\n<p><span style=\"color: #000000;\">K\u00e5rebacken 9 <\/span><span style=\"color: #000000;\"> 163 56 Sp\u00e5nga <\/span><span style=\"color: #000000;\"> Stockholm <\/span><\/p>\n<p><span style=\"color: #000000;\">\u00a0 <\/span><span style=\"color: #000000;\">mob. 070-4311212 <\/span><\/p>\n<p><a href=\"http:\/\/hazelgrove.se\/wp-content\/uploads\/2013\/03\/Lasse.jpg\"><img loading=\"lazy\" decoding=\"async\" class=\"aligncenter size-medium wp-image-334\" alt=\"Lasse\" src=\"http:\/\/hazelgrove.se\/wp-content\/uploads\/2013\/03\/Lasse-300x300.jpg\" width=\"300\" height=\"300\" srcset=\"https:\/\/hazelgrove.se\/wp-content\/uploads\/2013\/03\/Lasse-300x300.jpg 300w, https:\/\/hazelgrove.se\/wp-content\/uploads\/2013\/03\/Lasse-150x150.jpg 150w, https:\/\/hazelgrove.se\/wp-content\/uploads\/2013\/03\/Lasse.jpg 500w\" sizes=\"auto, (max-width: 300px) 100vw, 300px\" \/><\/a><\/p>\n","protected":false},"excerpt":{"rendered":"<p>Kennel Hazelgrove \u00e4r en familjekennel i liten skala sen 2005. H\u00e4r bor jag och min dotter Amy, fem hundar och tre katter. V\u00e5ra djur \u00e4r sj\u00e4lvklart med i huset var de vill, de ing\u00e5r i samma flock som vi. V\u00e5ra &hellip; <a href=\"https:\/\/hazelgrove.se\/?page_id=333\">Forts\u00e4tt l\u00e4sa <span class=\"meta-nav\">&rarr;<\/span><\/a><\/p>\n","protected":false},"author":2,"featured_media":0,"parent":0,"menu_order":0,"comment_status":"closed","ping_status":"closed","template":"","meta":{"ngg_post_thumbnail":0,"footnotes":""},"class_list":["post-333","page","type-page","status-publish","hentry"],"_links":{"self":[{"href":"https:\/\/hazelgrove.se\/index.php?rest_route=\/wp\/v2\/pages\/333","targetHints":{"allow":["GET"]}}],"collection":[{"href":"https:\/\/hazelgrove.se\/index.php?rest_route=\/wp\/v2\/pages"}],"about":[{"href":"https:\/\/hazelgrove.se\/index.php?rest_route=\/wp\/v2\/types\/page"}],"author":[{"embeddable":true,"href":"https:\/\/hazelgrove.se\/index.php?rest_route=\/wp\/v2\/users\/2"}],"replies":[{"embeddable":true,"href":"https:\/\/hazelgrove.se\/index.php?rest_route=%2Fwp%2Fv2%2Fcomments&post=333"}],"version-history":[{"count":2,"href":"https:\/\/hazelgrove.se\/index.php?rest_route=\/wp\/v2\/pages\/333\/revisions"}],"predecessor-version":[{"id":746,"href":"https:\/\/hazelgrove.se\/index.php?rest_route=\/wp\/v2\/pages\/333\/revisions\/746"}],"wp:attachment":[{"href":"https:\/\/hazelgrove.se\/index.php?rest_route=%2Fwp%2Fv2%2Fmedia&parent=333"}],"curies":[{"name":"wp","href":"https:\/\/api.w.org\/{rel}","templated":true}]}}