{"id":229,"date":"2013-01-01T16:06:32","date_gmt":"2013-01-01T15:06:32","guid":{"rendered":"http:\/\/hazelgrove.se\/wp\/?page_id=229"},"modified":"2014-01-06T19:33:28","modified_gmt":"2014-01-06T18:33:28","slug":"hero","status":"publish","type":"page","link":"https:\/\/hazelgrove.se\/?page_id=229","title":{"rendered":"Hero"},"content":{"rendered":"<p>&nbsp;<\/p>\n<p style=\"text-align: center;\"><img loading=\"lazy\" decoding=\"async\" class=\"aligncenter  wp-image-284\" alt=\"Hero p\u00e5 sten\" src=\"http:\/\/hazelgrove.se\/wp-content\/uploads\/2013\/01\/Hero-p\u00e5-sten-300x300.jpg\" width=\"500\" height=\"500\" srcset=\"https:\/\/hazelgrove.se\/wp-content\/uploads\/2013\/01\/Hero-p\u00e5-sten-300x300.jpg 300w, https:\/\/hazelgrove.se\/wp-content\/uploads\/2013\/01\/Hero-p\u00e5-sten-150x150.jpg 150w, https:\/\/hazelgrove.se\/wp-content\/uploads\/2013\/01\/Hero-p\u00e5-sten.jpg 800w\" sizes=\"auto, (max-width: 500px) 100vw, 500px\" \/><\/p>\n<h2>Korad Hero (Hazelgrove&#8217;s Wild Willow)<br \/>\nSE37904\/2011<\/h2>\n<p>V\u00e5r nya hane i flocken efter Blossom<br \/>\nMH den 30 augusti 2012 i Waxholm.\u00a0 Social, or\u00e4dd och 1 p\u00e5 skott.<br \/>\nMT den 2 juni 2013 med 417 po\u00e4ng. Korad den 4 augusti.<br \/>\nGodk\u00e4nd vallanlagsprov den 4 februari 2013<br \/>\n<strong>Stamtavla <\/strong><\/p>\n<table class=\"test\" style=\"width: 644px; height: 419px;\" border=\"1\" cellspacing=\"4\" cellpadding=\"4\">\n<tbody>\n<tr>\n<td style=\"border-color: #000000; background-color: #ccff66; border-style: solid; border-width: 1px;\" rowspan=\"4\"><span style=\"color: #000000; font-size: small;\">S16808\/2007 Sobel<br \/>\nKorad SE UCH NO UCH<br \/>\nSteadwyn Showmanship<\/span><\/td>\n<td style=\"border-color: #000000; background-color: #ccff66; border-style: solid; border-width: 1px;\" rowspan=\"2\"><span style=\"color: #000000; font-size: small;\"><a>S46511\/2005<\/a> SO L<br \/>\nGolden Mist Show Must Go On<\/span><\/td>\n<td style=\"border-color: #000000; background-color: #ccff66; border-style: solid; border-width: 1px;\"><span style=\"color: #000000; font-size: small;\"><a>FIN10804\/05<\/a> SO<br \/>\nSundorne Status Quo<\/span><\/td>\n<\/tr>\n<tr>\n<td style=\"border-color: #000000; background-color: #ccff66; border-style: solid; border-width: 1px;\"><span style=\"color: #000000; font-size: small;\"><a>FIN24950\/01<\/a> SO<br \/>\nGolden Mist The Purple<\/span><\/td>\n<\/tr>\n<tr>\n<td style=\"border-color: #000000; background-color: #ccff66; border-style: solid; border-width: 1px;\" rowspan=\"2\"><span style=\"color: #000000; font-size: small;\"><a>S11208\/2003<\/a> TRF L<br \/>\nRineweld Our First Love<\/span><\/td>\n<td style=\"border-color: #000000; background-color: #ccff66; border-style: solid; border-width: 1px;\"><span style=\"color: #000000; font-size: small;\"><a>METCOLL8759\/98<\/a><br \/>\nEE CH LU CH<br \/>\nNyitramenti Chimney-Sweep<\/span><\/td>\n<\/tr>\n<tr>\n<td style=\"border-color: #000000; background-color: #ccff66; border-style: solid; border-width: 1px;\"><span style=\"color: #000000; font-size: small;\"><a>METCOLL8915\/98<\/a><br \/>\nCH<br \/>\nRineweld Georgina Gypsy<\/span><\/td>\n<\/tr>\n<tr>\n<td style=\"border-color: #000000; background-color: #ccff66; border-style: solid; border-width: 1px;\" rowspan=\"4\"><span style=\"color: #000000; font-size: small;\"><a href=\"javascript:__doPostBack('ctl31','')\">S27535\/2009<\/a> TRF L<br \/>\nHazelgrove&#8217;s Midnight <a id=\"_GPLITA_0\" title=\"Click to Continue &gt; by Browse to Save\" href=\"http:\/\/kennet.skk.se\/hunddata\/Hund_Stamtavla.aspx#\">Flirt<\/a><\/span><\/td>\n<td style=\"border-color: #000000; background-color: #ccff66; border-style: solid; border-width: 1px;\" rowspan=\"2\"><span style=\"color: #000000; font-size: small;\"><a href=\"javascript:__doPostBack('ctl35','')\">S53696\/2006<\/a> TRF L<br \/>\nWicani Touch Of Magic<\/span><\/td>\n<td style=\"border-color: #000000; background-color: #ccff66; border-style: solid; border-width: 1px;\"><span style=\"color: #000000; font-size: small;\"><a href=\"javascript:__doPostBack('ctl39','')\">KCSB2081CN<\/a> BLM<br \/>\nBellcot Silver Cloud Of Bermajo<\/span><\/td>\n<\/tr>\n<tr>\n<td style=\"border-color: #000000; background-color: #ccff66; border-style: solid; border-width: 1px;\"><span style=\"color: #000000; font-size: small;\"><a href=\"javascript:__doPostBack('ctl42','')\">KCSB3611CQ<\/a> TRF<br \/>\nHadomar&#8217;s Touch Of Darkness At Wica<\/span><\/td>\n<\/tr>\n<tr>\n<td style=\"border-color: #000000; background-color: #ccff66; border-style: solid; border-width: 1px;\" rowspan=\"2\"><span style=\"color: #000000; font-size: small;\"><a href=\"javascript:__doPostBack('ctl45','')\">S58580\/2005<\/a> BLM L<br \/>\nMacraven&#8217;s Morganlefay<\/span><\/td>\n<td style=\"border-color: #000000; background-color: #ccff66; border-style: solid; border-width: 1px;\"><span style=\"color: #000000; font-size: small;\"><a href=\"javascript:__doPostBack('ctl49','')\">S52951\/2000<\/a> TRF L<br \/>\n<span style=\"font-size: xx-small;\">SE V-06<\/span><br \/>\nSteadwyn Magical Presence<\/span><\/td>\n<\/tr>\n<tr>\n<td style=\"border-color: #000000; background-color: #ccff66; border-style: solid; border-width: 1px;\"><span style=\"color: #000000; font-size: small;\"><a href=\"javascript:__doPostBack('ctl54','')\">S30928\/99<\/a> BLM L<br \/>\nMacraven&#8217;s Dakota<\/span><\/td>\n<\/tr>\n<\/tbody>\n<\/table>\n<p><a href=\"http:\/\/hazelgrove.se\/wp-content\/uploads\/2013\/05\/945795_10200383588765704_1586182934_n.jpg\"><img loading=\"lazy\" decoding=\"async\" class=\"size-medium wp-image-340 alignleft\" alt=\"945795_10200383588765704_1586182934_n\" src=\"http:\/\/hazelgrove.se\/wp-content\/uploads\/2013\/05\/945795_10200383588765704_1586182934_n-264x300.jpg\" width=\"264\" height=\"300\" srcset=\"https:\/\/hazelgrove.se\/wp-content\/uploads\/2013\/05\/945795_10200383588765704_1586182934_n-264x300.jpg 264w, https:\/\/hazelgrove.se\/wp-content\/uploads\/2013\/05\/945795_10200383588765704_1586182934_n.jpg 845w\" sizes=\"auto, (max-width: 264px) 100vw, 264px\" \/><\/a><a href=\"http:\/\/hazelgrove.se\/wp-content\/uploads\/2013\/03\/P9150168bbb.jpg\"><img loading=\"lazy\" decoding=\"async\" class=\"size-medium wp-image-314 alignright\" alt=\"OLYMPUS DIGITAL CAMERA\" src=\"http:\/\/hazelgrove.se\/wp-content\/uploads\/2013\/03\/P9150168bbb-300x300.jpg\" width=\"300\" height=\"300\" srcset=\"https:\/\/hazelgrove.se\/wp-content\/uploads\/2013\/03\/P9150168bbb-300x300.jpg 300w, https:\/\/hazelgrove.se\/wp-content\/uploads\/2013\/03\/P9150168bbb-150x150.jpg 150w, https:\/\/hazelgrove.se\/wp-content\/uploads\/2013\/03\/P9150168bbb.jpg 500w\" sizes=\"auto, (max-width: 300px) 100vw, 300px\" \/><\/a><a href=\"http:\/\/hazelgrove.se\/wp-content\/uploads\/2013\/01\/Hero-vallar-1.jpg\"><img loading=\"lazy\" decoding=\"async\" class=\"size-medium wp-image-261 alignright\" alt=\"Hero vallar 1\" src=\"http:\/\/hazelgrove.se\/wp-content\/uploads\/2013\/01\/Hero-vallar-1-300x240.jpg\" width=\"303\" height=\"209\" \/><\/a><a href=\"http:\/\/hazelgrove.se\/wp-content\/uploads\/2013\/02\/DSC_9840.jpg\"><img loading=\"lazy\" decoding=\"async\" class=\"size-medium wp-image-282 alignleft\" alt=\"DSC_9840\" src=\"http:\/\/hazelgrove.se\/wp-content\/uploads\/2013\/02\/DSC_9840-300x199.jpg\" width=\"279\" height=\"199\" \/><\/a><a href=\"http:\/\/hazelgrove.se\/wp-content\/uploads\/2013\/05\/DSC_0118.jpg\"><img loading=\"lazy\" decoding=\"async\" class=\"alignright size-medium wp-image-341\" alt=\"DSC_0118\" src=\"http:\/\/hazelgrove.se\/wp-content\/uploads\/2013\/05\/DSC_0118-300x199.jpg\" width=\"300\" height=\"199\" srcset=\"https:\/\/hazelgrove.se\/wp-content\/uploads\/2013\/05\/DSC_0118-300x199.jpg 300w, https:\/\/hazelgrove.se\/wp-content\/uploads\/2013\/05\/DSC_0118.jpg 1024w\" sizes=\"auto, (max-width: 300px) 100vw, 300px\" \/><\/a><a href=\"http:\/\/hazelgrove.se\/wp-content\/uploads\/2013\/01\/Hero-vallar-3.jpg\"><img loading=\"lazy\" decoding=\"async\" class=\"size-medium wp-image-263 alignleft\" alt=\"Hero vallar 3\" src=\"http:\/\/hazelgrove.se\/wp-content\/uploads\/2013\/01\/Hero-vallar-3-300x240.jpg\" width=\"271\" height=\"236\" \/><\/a><\/p>\n<p>&nbsp;<\/p>\n","protected":false},"excerpt":{"rendered":"<p>&nbsp; Korad Hero (Hazelgrove&#8217;s Wild Willow) SE37904\/2011 V\u00e5r nya hane i flocken efter Blossom MH den 30 augusti 2012 i Waxholm.\u00a0 Social, or\u00e4dd och 1 p\u00e5 skott. MT den 2 juni 2013 med 417 po\u00e4ng. Korad den 4 augusti. Godk\u00e4nd &hellip; <a href=\"https:\/\/hazelgrove.se\/?page_id=229\">Forts\u00e4tt l\u00e4sa <span class=\"meta-nav\">&rarr;<\/span><\/a><\/p>\n","protected":false},"author":1,"featured_media":0,"parent":62,"menu_order":0,"comment_status":"closed","ping_status":"closed","template":"onecolumn-page.php","meta":{"ngg_post_thumbnail":0,"footnotes":""},"class_list":["post-229","page","type-page","status-publish","hentry"],"_links":{"self":[{"href":"https:\/\/hazelgrove.se\/index.php?rest_route=\/wp\/v2\/pages\/229","targetHints":{"allow":["GET"]}}],"collection":[{"href":"https:\/\/hazelgrove.se\/index.php?rest_route=\/wp\/v2\/pages"}],"about":[{"href":"https:\/\/hazelgrove.se\/index.php?rest_route=\/wp\/v2\/types\/page"}],"author":[{"embeddable":true,"href":"https:\/\/hazelgrove.se\/index.php?rest_route=\/wp\/v2\/users\/1"}],"replies":[{"embeddable":true,"href":"https:\/\/hazelgrove.se\/index.php?rest_route=%2Fwp%2Fv2%2Fcomments&post=229"}],"version-history":[{"count":15,"href":"https:\/\/hazelgrove.se\/index.php?rest_route=\/wp\/v2\/pages\/229\/revisions"}],"predecessor-version":[{"id":453,"href":"https:\/\/hazelgrove.se\/index.php?rest_route=\/wp\/v2\/pages\/229\/revisions\/453"}],"up":[{"embeddable":true,"href":"https:\/\/hazelgrove.se\/index.php?rest_route=\/wp\/v2\/pages\/62"}],"wp:attachment":[{"href":"https:\/\/hazelgrove.se\/index.php?rest_route=%2Fwp%2Fv2%2Fmedia&parent=229"}],"curies":[{"name":"wp","href":"https:\/\/api.w.org\/{rel}","templated":true}]}}